{"id":5097,"date":"2024-06-07T11:11:23","date_gmt":"2024-06-07T09:11:23","guid":{"rendered":"https:\/\/odontopedianathalieescudero.fr\/cabinet-dentaire\/?page_id=5097"},"modified":"2024-06-26T11:12:25","modified_gmt":"2024-06-26T09:12:25","slug":"mentions-legales","status":"publish","type":"page","link":"https:\/\/odontopedianathalieescudero.fr\/cabinet-dentaire\/index.php\/mentions-legales\/","title":{"rendered":"Mentions L\u00e9gales"},"content":{"rendered":"[vc_row type=\u00a0\u00bbin_container\u00a0\u00bb full_screen_row_position=\u00a0\u00bbmiddle\u00a0\u00bb column_margin=\u00a0\u00bbdefault\u00a0\u00bb column_direction=\u00a0\u00bbdefault\u00a0\u00bb column_direction_tablet=\u00a0\u00bbdefault\u00a0\u00bb column_direction_phone=\u00a0\u00bbdefault\u00a0\u00bb scene_position=\u00a0\u00bbcenter\u00a0\u00bb text_color=\u00a0\u00bbdark\u00a0\u00bb text_align=\u00a0\u00bbleft\u00a0\u00bb row_border_radius=\u00a0\u00bbnone\u00a0\u00bb row_border_radius_applies=\u00a0\u00bbbg\u00a0\u00bb overflow=\u00a0\u00bbvisible\u00a0\u00bb overlay_strength=\u00a0\u00bb0.3&Prime; gradient_direction=\u00a0\u00bbleft_to_right\u00a0\u00bb shape_divider_position=\u00a0\u00bbbottom\u00a0\u00bb bg_image_animation=\u00a0\u00bbnone\u00a0\u00bb][vc_column column_padding=\u00a0\u00bbno-extra-padding\u00a0\u00bb column_padding_tablet=\u00a0\u00bbinherit\u00a0\u00bb column_padding_phone=\u00a0\u00bbinherit\u00a0\u00bb column_padding_position=\u00a0\u00bball\u00a0\u00bb column_element_direction_desktop=\u00a0\u00bbdefault\u00a0\u00bb column_element_spacing=\u00a0\u00bbdefault\u00a0\u00bb desktop_text_alignment=\u00a0\u00bbdefault\u00a0\u00bb tablet_text_alignment=\u00a0\u00bbdefault\u00a0\u00bb phone_text_alignment=\u00a0\u00bbdefault\u00a0\u00bb background_color_opacity=\u00a0\u00bb1&Prime; background_hover_color_opacity=\u00a0\u00bb1&Prime; column_backdrop_filter=\u00a0\u00bbnone\u00a0\u00bb column_shadow=\u00a0\u00bbnone\u00a0\u00bb column_border_radius=\u00a0\u00bbnone\u00a0\u00bb column_link_target=\u00a0\u00bb_self\u00a0\u00bb column_position=\u00a0\u00bbdefault\u00a0\u00bb gradient_direction=\u00a0\u00bbleft_to_right\u00a0\u00bb overlay_strength=\u00a0\u00bb0.3&Prime; width=\u00a0\u00bb1\/1&Prime; tablet_width_inherit=\u00a0\u00bbdefault\u00a0\u00bb animation_type=\u00a0\u00bbdefault\u00a0\u00bb bg_image_animation=\u00a0\u00bbnone\u00a0\u00bb border_type=\u00a0\u00bbsimple\u00a0\u00bb column_border_width=\u00a0\u00bbnone\u00a0\u00bb column_border_style=\u00a0\u00bbsolid\u00a0\u00bb][vc_column_text css=\u00a0\u00bb.vc_custom_1719393137863{margin-top: 110px !important;}\u00a0\u00bb text_direction=\u00a0\u00bbdefault\u00a0\u00bb]\n<h2>MENTIONS L\u00c9GALES<\/h2>\n<p>Derni\u00e8re mise \u00e0 jour : 10 juin 2024<\/p>\n<p>Vous pouvez \u00e9galement consulter nos\u00a0<strong>CGU<\/strong>\u00a0et notre\u00a0<strong>Politique de confidentialit\u00e9<\/strong>.<\/p>\n<h2>TITULAIRE ET RESPONSABLE DU SITE<\/h2>\n<p>Cabinet du Docteur <strong>Nathalie Escudero Papot<\/strong>\u00a0(le \u00ab Praticien \u00bb)<\/p>\n<p><strong>SIRET : 88860344600012<\/strong><\/p>\n<p>9 place du Lieutenant-Colonel Berth\u00e9z\u00e8ne<\/p>\n<p>30170 SAINT HIPPOLYTE DU FORT<\/p>\n<h2>OBJET DU SITE<\/h2>\n<p>Ce site (le \u00ab\u00a0<strong>Site<\/strong>\u00a0\u00bb) est con\u00e7u \u00e0 titre purement informatif et est destin\u00e9 \u00e0 tout type de public.<\/p>\n<p>Les informations fournies sur le Site sont destin\u00e9es \u00e0 am\u00e9liorer, non \u00e0 remplacer, la relation qui existe entre le patient (ou visiteur du Site) et son chirurgien-dentiste ; ces informations permettent \u00e9galement de pr\u00e9senter le cabinet du Praticien.<\/p>\n<p>L\u2019acc\u00e8s au Site est gratuit afin de fournir des informations sur la sant\u00e9 dentaire, l&rsquo;hygi\u00e8ne et les traitements bucco-dentaires.<\/p>\n<p>&nbsp;<\/p>\n<h2>\u00c9DITEUR ET H\u00c9BERGEUR DU SITE<\/h2>\n<p>Editeur du Site : Jos\u00e9 Escudero<\/p>\n<p>jose@escudero.fr<\/p>\n<p>Forme juridique : Enterprise Individuelle<\/p>\n<p>SIRET : 924 946 270 00015<\/p>\n<p>Num\u00e9ro d&rsquo;inscription au registre du commerce et des soci\u00e9t\u00e9s :924946270 Salon de Provence<\/p>\n<p>Nom, d\u00e9nomination ou raison sociale et adresse et num\u00e9ro de t\u00e9l\u00e9phone de l&rsquo;h\u00e9bergeur du Site :<\/p>\n<div class=\"otds-text\">\n<h2 class=\"odss-text__heading mb-3\">OVH<\/h2>\n<\/div>\n<div class=\"otds-text\">\n<p>Si\u00e8ge social : 2 rue Kellermann &#8211; 59100 Roubaix &#8211; France<\/p>\n<\/div>\n<h2>PUBLICIT\u00c9<\/h2>\n<p>Le Site :<\/p>\n<p>\u2022 n\u2019accueille aucune forme de publicit\u00e9 ;<\/p>\n<p>\u2022 contient des informations qui ne constituent en aucune mani\u00e8re une forme de publicit\u00e9 ;<\/p>\n<p>\u2022 ne constitue en aucun cas un d\u00e9marchage.[\/vc_column_text][\/vc_column][\/vc_row]\n","protected":false},"excerpt":{"rendered":"<p>[vc_row type=\u00a0\u00bbin_container\u00a0\u00bb full_screen_row_position=\u00a0\u00bbmiddle\u00a0\u00bb column_margin=\u00a0\u00bbdefault\u00a0\u00bb column_direction=\u00a0\u00bbdefault\u00a0\u00bb column_direction_tablet=\u00a0\u00bbdefault\u00a0\u00bb column_direction_phone=\u00a0\u00bbdefault\u00a0\u00bb scene_position=\u00a0\u00bbcenter\u00a0\u00bb text_color=\u00a0\u00bbdark\u00a0\u00bb text_align=\u00a0\u00bbleft\u00a0\u00bb row_border_radius=\u00a0\u00bbnone\u00a0\u00bb row_border_radius_applies=\u00a0\u00bbbg\u00a0\u00bb overflow=\u00a0\u00bbvisible\u00a0\u00bb overlay_strength=\u00a0\u00bb0.3&Prime; gradient_direction=\u00a0\u00bbleft_to_right\u00a0\u00bb shape_divider_position=\u00a0\u00bbbottom\u00a0\u00bb bg_image_animation=\u00a0\u00bbnone\u00a0\u00bb][vc_column column_padding=\u00a0\u00bbno-extra-padding\u00a0\u00bb column_padding_tablet=\u00a0\u00bbinherit\u00a0\u00bb column_padding_phone=\u00a0\u00bbinherit\u00a0\u00bb column_padding_position=\u00a0\u00bball\u00a0\u00bb column_element_direction_desktop=\u00a0\u00bbdefault\u00a0\u00bb column_element_spacing=\u00a0\u00bbdefault\u00a0\u00bb desktop_text_alignment=\u00a0\u00bbdefault\u00a0\u00bb tablet_text_alignment=\u00a0\u00bbdefault\u00a0\u00bb phone_text_alignment=\u00a0\u00bbdefault\u00a0\u00bb background_color_opacity=\u00a0\u00bb1&Prime; background_hover_color_opacity=\u00a0\u00bb1&Prime; column_backdrop_filter=\u00a0\u00bbnone\u00a0\u00bb column_shadow=\u00a0\u00bbnone\u00a0\u00bb&#8230;<\/p>\n","protected":false},"author":1,"featured_media":0,"parent":0,"menu_order":0,"comment_status":"closed","ping_status":"closed","template":"","meta":{"om_disable_all_campaigns":false,"_monsterinsights_skip_tracking":false,"_monsterinsights_sitenote_active":false,"_monsterinsights_sitenote_note":"","_monsterinsights_sitenote_category":0,"_uf_show_specific_survey":0,"_uf_disable_surveys":false,"footnotes":""},"class_list":["post-5097","page","type-page","status-publish"],"aioseo_notices":[],"jetpack_sharing_enabled":true,"_links":{"self":[{"href":"https:\/\/odontopedianathalieescudero.fr\/cabinet-dentaire\/index.php\/wp-json\/wp\/v2\/pages\/5097","targetHints":{"allow":["GET"]}}],"collection":[{"href":"https:\/\/odontopedianathalieescudero.fr\/cabinet-dentaire\/index.php\/wp-json\/wp\/v2\/pages"}],"about":[{"href":"https:\/\/odontopedianathalieescudero.fr\/cabinet-dentaire\/index.php\/wp-json\/wp\/v2\/types\/page"}],"author":[{"embeddable":true,"href":"https:\/\/odontopedianathalieescudero.fr\/cabinet-dentaire\/index.php\/wp-json\/wp\/v2\/users\/1"}],"replies":[{"embeddable":true,"href":"https:\/\/odontopedianathalieescudero.fr\/cabinet-dentaire\/index.php\/wp-json\/wp\/v2\/comments?post=5097"}],"version-history":[{"count":3,"href":"https:\/\/odontopedianathalieescudero.fr\/cabinet-dentaire\/index.php\/wp-json\/wp\/v2\/pages\/5097\/revisions"}],"predecessor-version":[{"id":5277,"href":"https:\/\/odontopedianathalieescudero.fr\/cabinet-dentaire\/index.php\/wp-json\/wp\/v2\/pages\/5097\/revisions\/5277"}],"wp:attachment":[{"href":"https:\/\/odontopedianathalieescudero.fr\/cabinet-dentaire\/index.php\/wp-json\/wp\/v2\/media?parent=5097"}],"curies":[{"name":"wp","href":"https:\/\/api.w.org\/{rel}","templated":true}]}}