{"id":3,"date":"2024-05-21T16:26:22","date_gmt":"2024-05-21T14:26:22","guid":{"rendered":"http:\/\/latelwg.cluster030.hosting.ovh.net\/cabinet-dentaire\/?page_id=3"},"modified":"2024-06-17T17:40:45","modified_gmt":"2024-06-17T15:40:45","slug":"politique-de-confidentialite","status":"publish","type":"page","link":"https:\/\/odontopedianathalieescudero.fr\/cabinet-dentaire\/index.php\/politique-de-confidentialite\/","title":{"rendered":"Politique de confidentialit\u00e9"},"content":{"rendered":"[vc_row type=\u00a0\u00bbin_container\u00a0\u00bb full_screen_row_position=\u00a0\u00bbmiddle\u00a0\u00bb column_margin=\u00a0\u00bbdefault\u00a0\u00bb column_direction=\u00a0\u00bbdefault\u00a0\u00bb column_direction_tablet=\u00a0\u00bbdefault\u00a0\u00bb column_direction_phone=\u00a0\u00bbdefault\u00a0\u00bb scene_position=\u00a0\u00bbcenter\u00a0\u00bb text_color=\u00a0\u00bbdark\u00a0\u00bb text_align=\u00a0\u00bbleft\u00a0\u00bb row_border_radius=\u00a0\u00bbnone\u00a0\u00bb row_border_radius_applies=\u00a0\u00bbbg\u00a0\u00bb overflow=\u00a0\u00bbvisible\u00a0\u00bb overlay_strength=\u00a0\u00bb0.3&Prime; gradient_direction=\u00a0\u00bbleft_to_right\u00a0\u00bb shape_divider_position=\u00a0\u00bbbottom\u00a0\u00bb bg_image_animation=\u00a0\u00bbnone\u00a0\u00bb][vc_column column_padding=\u00a0\u00bbno-extra-padding\u00a0\u00bb column_padding_tablet=\u00a0\u00bbinherit\u00a0\u00bb column_padding_phone=\u00a0\u00bbinherit\u00a0\u00bb column_padding_position=\u00a0\u00bball\u00a0\u00bb column_element_direction_desktop=\u00a0\u00bbdefault\u00a0\u00bb column_element_spacing=\u00a0\u00bbdefault\u00a0\u00bb desktop_text_alignment=\u00a0\u00bbdefault\u00a0\u00bb tablet_text_alignment=\u00a0\u00bbdefault\u00a0\u00bb phone_text_alignment=\u00a0\u00bbdefault\u00a0\u00bb background_color_opacity=\u00a0\u00bb1&Prime; background_hover_color_opacity=\u00a0\u00bb1&Prime; column_backdrop_filter=\u00a0\u00bbnone\u00a0\u00bb column_shadow=\u00a0\u00bbnone\u00a0\u00bb column_border_radius=\u00a0\u00bbnone\u00a0\u00bb column_link_target=\u00a0\u00bb_self\u00a0\u00bb column_position=\u00a0\u00bbdefault\u00a0\u00bb gradient_direction=\u00a0\u00bbleft_to_right\u00a0\u00bb overlay_strength=\u00a0\u00bb0.3&Prime; width=\u00a0\u00bb1\/1&Prime; tablet_width_inherit=\u00a0\u00bbdefault\u00a0\u00bb animation_type=\u00a0\u00bbdefault\u00a0\u00bb bg_image_animation=\u00a0\u00bbnone\u00a0\u00bb border_type=\u00a0\u00bbsimple\u00a0\u00bb column_border_width=\u00a0\u00bbnone\u00a0\u00bb column_border_style=\u00a0\u00bbsolid\u00a0\u00bb][divider line_type=\u00a0\u00bbNo Line\u00a0\u00bb custom_height=\u00a0\u00bb100&Prime;][\/vc_column][\/vc_row][vc_row type=\u00a0\u00bbin_container\u00a0\u00bb full_screen_row_position=\u00a0\u00bbmiddle\u00a0\u00bb column_margin=\u00a0\u00bbdefault\u00a0\u00bb column_direction=\u00a0\u00bbdefault\u00a0\u00bb column_direction_tablet=\u00a0\u00bbdefault\u00a0\u00bb column_direction_phone=\u00a0\u00bbdefault\u00a0\u00bb scene_position=\u00a0\u00bbcenter\u00a0\u00bb text_color=\u00a0\u00bbdark\u00a0\u00bb text_align=\u00a0\u00bbleft\u00a0\u00bb row_border_radius=\u00a0\u00bbnone\u00a0\u00bb row_border_radius_applies=\u00a0\u00bbbg\u00a0\u00bb overflow=\u00a0\u00bbvisible\u00a0\u00bb overlay_strength=\u00a0\u00bb0.3&Prime; gradient_direction=\u00a0\u00bbleft_to_right\u00a0\u00bb shape_divider_position=\u00a0\u00bbbottom\u00a0\u00bb bg_image_animation=\u00a0\u00bbnone\u00a0\u00bb][vc_column column_padding=\u00a0\u00bbno-extra-padding\u00a0\u00bb column_padding_tablet=\u00a0\u00bbinherit\u00a0\u00bb column_padding_phone=\u00a0\u00bbinherit\u00a0\u00bb column_padding_position=\u00a0\u00bball\u00a0\u00bb column_element_direction_desktop=\u00a0\u00bbdefault\u00a0\u00bb column_element_spacing=\u00a0\u00bbdefault\u00a0\u00bb desktop_text_alignment=\u00a0\u00bbdefault\u00a0\u00bb tablet_text_alignment=\u00a0\u00bbdefault\u00a0\u00bb phone_text_alignment=\u00a0\u00bbdefault\u00a0\u00bb background_color_opacity=\u00a0\u00bb1&Prime; background_hover_color_opacity=\u00a0\u00bb1&Prime; column_backdrop_filter=\u00a0\u00bbnone\u00a0\u00bb column_shadow=\u00a0\u00bbnone\u00a0\u00bb column_border_radius=\u00a0\u00bbnone\u00a0\u00bb column_link_target=\u00a0\u00bb_self\u00a0\u00bb column_position=\u00a0\u00bbdefault\u00a0\u00bb gradient_direction=\u00a0\u00bbleft_to_right\u00a0\u00bb overlay_strength=\u00a0\u00bb0.3&Prime; width=\u00a0\u00bb1\/1&Prime; tablet_width_inherit=\u00a0\u00bbdefault\u00a0\u00bb animation_type=\u00a0\u00bbdefault\u00a0\u00bb bg_image_animation=\u00a0\u00bbnone\u00a0\u00bb border_type=\u00a0\u00bbsimple\u00a0\u00bb column_border_width=\u00a0\u00bbnone\u00a0\u00bb column_border_style=\u00a0\u00bbsolid\u00a0\u00bb][vc_column_text]\r\n<h3 class=\"wp-block-heading\"><strong>POLITIQUE DE CONFIDENTIALITE<\/strong><\/h3>\r\n<p>Le pr\u00e9sent document visant \u00e0 la protection des donn\u00e9es personnelles de l\u2019utilisateur (l\u2019 \u00ab\u00a0Utilisateur\u00a0\u00bb) du pr\u00e9sent site internet du Praticien (le \u00ab Site \u00bb) est \u00e9tabli par le Praticien et l\u2019Editeur, conform\u00e9ment la r\u00e9glementation fran\u00e7aise et europ\u00e9enne sur la protection des donn\u00e9es personnelles, en particulier le R\u00e8glement (UE) g\u00e9n\u00e9ral sur la protection des donn\u00e9es du 27 avril 2016 (\u00ab\u00a0RGPD\u00a0\u00bb), entr\u00e9 en application le 25 Mai 2018, et la Loi Informatique et Libert\u00e9s du 6 janvier 1978 modifi\u00e9e.<\/p>\r\n<ol>\r\n<li>\r\n<h4>Quelles sont les donn\u00e9es collect\u00e9es ?<\/h4>\r\n<\/li>\r\n<\/ol>\r\n<p>Les donn\u00e9es collect\u00e9es et trait\u00e9es, selon les services utilis\u00e9s sur le Site et selon les choix et le param\u00e9trage du terminal de l\u2019Utilisateur (notamment par rapport aux cookies et autres traceurs), sont :<\/p>\r\n<ul>\r\n<li>Les donn\u00e9es techniques de navigation de l\u2019Utilisateur<\/li>\r\n<\/ul>\r\n<p>Il s\u2019agit uniquement des donn\u00e9es anonymes de navigation de l\u2019Utilisateur collect\u00e9es en sous-traitance au sens du RGPD par l\u2019Editeur \u00e0 des fins de statistiques : nombre de visites, nombre de pages vues, dur\u00e9e pass\u00e9e sur le Site, g\u00e9olocalisation de l\u2019Utilisateur et actions sur le Site. L\u2019Editeur n\u2019a pas acc\u00e8s aux donn\u00e9es \u00e0 caract\u00e8re personnel de l\u2019Utilisateur et ne conserve en cons\u00e9quence aucune des informations personnelles de l\u2019Utilisateur qui sont seulement accessibles et stock\u00e9es par le Praticien.<\/p>\r\n<ul>\r\n<li>Les donn\u00e9es \u00e0 caract\u00e8re personnel de l\u2019Utilisateur<\/li>\r\n<\/ul>\r\n<p>Elles comprennent :<\/p>\r\n<ul>\r\n<li>les donn\u00e9es personnelles d\u2019identification de l\u2019Utilisateur : ces donn\u00e9es sont uniquement collect\u00e9es par le Praticien ; nom, pr\u00e9nom, \u00e2ge, email, adresse postale, coordonn\u00e9es t\u00e9l\u00e9phoniques\u2026<\/li>\r\n<li>les donn\u00e9es personnelles de sant\u00e9 de l\u2019Utilisateur : ces donn\u00e9es sont uniquement collect\u00e9es par le Praticien dans le cadre du questionnaire de demande de rendez-vous du Site. Ces donn\u00e9es sont stock\u00e9es sur un h\u00e9bergement s\u00e9curis\u00e9 (HDS) dont la consultation est uniquement possible par le Praticien. Les donn\u00e9es cliniques dentaires ne sont pas collect\u00e9es sur le Site internet du Praticien.<\/li>\r\n<\/ul>\r\n<ol start=\"2\">\r\n<li>\r\n<h4>A quel moment les donn\u00e9es sont-elles collect\u00e9es ?<\/h4>\r\n<\/li>\r\n<\/ol>\r\n<p>Les informations que vous fournissez sont collect\u00e9es notamment lorsque vous acc\u00e9dez ou naviguez sur le Site, ou lorsque vous remplissez le questionnaire de demande de rendez-vous.<\/p>\r\n<p>Le caract\u00e8re obligatoire de certaines donn\u00e9es est signal\u00e9 lors de la collecte par un ast\u00e9risque afin de permettre au Praticien de r\u00e9pondre \u00e0 vos demandes et\/ou vous fournir les services demand\u00e9s.<\/p>\r\n<p>Ces informations sont \u00e9galement collect\u00e9es lors de communication :<\/p>\r\n<p>&#8211; Emails de service<\/p>\r\n<p>Suite \u00e0 une demande de prise de rendez-vous, vous recevrez un email confirmatif. Ces messages de service sont n\u00e9cessaires au bon suivi de l\u2019agenda du Praticien.<\/p>\r\n<ol start=\"3\">\r\n<li>\r\n<h4>Usage des donn\u00e9es collect\u00e9es<\/h4>\r\n<\/li>\r\n<\/ol>\r\n<p>Les donn\u00e9es personnelles de l\u2019Utilisateur sont utilis\u00e9es principalement pour les finalit\u00e9s suivantes :<\/p>\r\n<ul>\r\n<li>vous permettre d\u2019utiliser les services propos\u00e9s par le Site ;<\/li>\r\n<li>vous contacter pour r\u00e9pondre \u00e0 vos demandes ;<\/li>\r\n<li>garantir le bon fonctionnement de certaines fonctionnalit\u00e9s du Site ;<\/li>\r\n<li>\u00e9tablir des statistiques anonymes de comptage et d\u2019audience strictement n\u00e9cessaires \u00e0 la d\u00e9livrance des services ;<\/li>\r\n<li>permettre la prise de rendez-vous avec le Praticien, l\u2019informer de l\u2019\u00e9tat de sant\u00e9 du mineur concern\u00e9 par la demande de rendez-vous en pr\u00e9vision des rendez-vous \u00e0 programmer ;<\/li>\r\n<li>vous informer sur les services pour lesquels vous avez exprim\u00e9 un int\u00e9r\u00eat et qui vous sont propos\u00e9s sur le Site\u00a0;<\/li>\r\n<li>permettre le traitement de vos demandes d\u2019exercice de droits\u202f;<\/li>\r\n<li>r\u00e9pondre aux demandes officielles d\u2019autorit\u00e9s publiques ou judiciaires habilit\u00e9es \u00e0 cet effet.<\/li>\r\n<\/ul>\r\n<p>Les donn\u00e9es collect\u00e9es ne peuvent \u00eatre c\u00e9d\u00e9es ou rendues accessibles \u00e0 aucun tiers sous r\u00e9serve (i) des sous-traitants ou prestataires \u00e9ventuels du Praticien pour des raisons exclusivement techniques et logistiques (prestataires d\u2019h\u00e9bergement et de maintenance du Site, prestataires de gestion de la fraude, etc.) et (ii) de toute restructuration du cabinet du Praticien, y compris cession totale ou partielle d\u2019actifs, fusion, absorption acquisition, scission et plus g\u00e9n\u00e9ralement toute op\u00e9ration de r\u00e9organisation.<\/p>\r\n<p>L\u2019Utilisateur est inform\u00e9 que des donn\u00e9es le concernant ne sont pas transmises pour les besoins des finalit\u00e9s mentionn\u00e9es ci-dessus \u00e0 des soci\u00e9t\u00e9s situ\u00e9es dans des pays hors Union Europ\u00e9enne.<\/p>\r\n<p>Enfin, le Praticien pourra \u00eatre amen\u00e9 \u00e0 communiquer \u00e0 des tiers vos donn\u00e9es personnelles lorsqu\u2019une telle communication est requise par la loi, une disposition r\u00e9glementaire ou une d\u00e9cision judiciaire, ou si cette communication est n\u00e9cessaire pour assurer la protection et la d\u00e9fense de ses droits.<\/p>\r\n<ol start=\"4\">\r\n<li>\r\n<h4>Informations relatives au partage des donn\u00e9es par les utilisateurs du Site<\/h4>\r\n<\/li>\r\n<\/ol>\r\n<p>Le Site peut \u00e9ventuellement vous permettre de partager des informations relatives aux services du Praticien sur le Site (en sa version fixe ou mobile) sur des r\u00e9seaux sociaux (Facebook, Linkedin, Twitter, etc.), notamment par l\u2019interm\u00e9diaire des boutons de partage.<\/p>\r\n<p>L\u2019acc\u00e8s \u00e0 ces r\u00e9seaux sociaux n\u00e9cessite votre acceptation des conditions contractuelles comportant des stipulations relatives \u00e0 la r\u00e8glementation sur les donn\u00e9es personnelles pour les traitements effectu\u00e9s par ces r\u00e9seaux, et ce ind\u00e9pendamment des pages du Site permettant le partage sur lesdits r\u00e9seaux sociaux.<\/p>\r\n<p>Pour en savoir plus sur la protection de vos donn\u00e9es personnelles lors de la navigation sur ces r\u00e9seaux sociaux, nous vous invitons \u00e0 consulter leurs politiques de confidentialit\u00e9 respectives afin de prendre pr\u00e9cis\u00e9ment connaissance des informations qui sont collect\u00e9es par ces tiers, \u00e9tant rappel\u00e9 que vous pourrez \u00e9galement param\u00e9trer directement sur les r\u00e9seaux sociaux l&rsquo;acc\u00e8s et la confidentialit\u00e9 de vos donn\u00e9es.<\/p>\r\n<p>Le Praticien n&rsquo;est pas responsable de l&rsquo;utilisation ult\u00e9rieure qui est faite de vos donn\u00e9es par les r\u00e9seaux sociaux pour leur propre compte.<\/p>\r\n<ol start=\"5\">\r\n<li>\r\n<h4>Bases l\u00e9gales et dur\u00e9es de traitement des donn\u00e9es personnelles de l\u2019Utilisateur<\/h4>\r\n<\/li>\r\n<\/ol>\r\n<p>Le traitement des donn\u00e9es personnelles est justifi\u00e9 par diff\u00e9rentes bases l\u00e9gales.<\/p>\r\n<p>Les donn\u00e9es personnelles de l\u2019Utilisateur (i) feront l\u2019objet d\u2019un archivage \u00e0 des fins comptables et probatoires pendant les d\u00e9lais de prescription l\u00e9gale ou (ii) seront d\u00e9truites si lesdits d\u00e9lais ont expir\u00e9.<\/p>\r\n<p>Bases l\u00e9gales des traitements<\/p>\r\n<ul>\r\n<li>le consentement\u00a0: l\u2019Utilisateur accepte le traitement de ses donn\u00e9es personnelles par le biais d&rsquo;un consentement expr\u00e8s (case \u00e0 cocher, clic, etc.) qui peut \u00eatre retir\u00e9 \u00e0 tout moment ;<\/li>\r\n<li>l&rsquo;int\u00e9r\u00eat l\u00e9gitime\u00a0: le Praticien a un int\u00e9r\u00eat professionnel \u00e0 traiter vos donn\u00e9es qui est justifi\u00e9, \u00e9quilibr\u00e9 et ne vient pas porter atteinte \u00e0 votre vie priv\u00e9e. Sauf exception, l\u2019Utilisateur peut \u00e0 tout moment s\u2019opposer \u00e0 un traitement bas\u00e9 sur l&rsquo;int\u00e9r\u00eat l\u00e9gitime en le signalant au Praticien ;<\/li>\r\n<li>la loi\u00a0: le traitement de vos donn\u00e9es personnelles est rendu obligatoire par un texte de loi.<\/li>\r\n<\/ul>\r\n<p>Dur\u00e9e des traitements<\/p>\r\n<p>Donn\u00e9es \u00e0 caract\u00e8re personnel\u00a0: traitement et conservation pour une dur\u00e9e limit\u00e9e en fonction de la finalit\u00e9 du traitement et de la l\u00e9gislation applicable aux services du Site.<\/p>\r\n<p>Les dur\u00e9es de conservation sont d\u00e9termin\u00e9es sur la base des lois et r\u00e8glements en vigueur (3 \u00e0 5 ans) selon la finalit\u00e9 des traitements suivants : contacter l\u2019Utilisateur pour r\u00e9pondre \u00e0 ses demandes ; permettre la prise de rendez-vous avec le Praticien, l\u2019informer de l\u2019\u00e9tat de sant\u00e9 de l\u2019Utilisateur en pr\u00e9vision des rendez-vous \u00e0 intervenir, gestion du cabinet du Praticien, envoi \u00e0 l\u2019Utilisateur des informations en mati\u00e8re de pr\u00e9vention m\u00e9dicale ou d\u2019ordre g\u00e9n\u00e9ral aff\u00e9rente au cabinet du Praticien, permettre au Praticien de traiter les demandes d\u2019exercice de droits aff\u00e9rentes aux donn\u00e9es personnelles de sant\u00e9, permettre au Praticien de r\u00e9pondre aux demandes officielles d\u2019autorit\u00e9s publiques ou judiciaires habilit\u00e9es \u00e0 cet effet.<\/p>\r\n<p>Donn\u00e9es techniques de navigation\u00a0: l\u2019Editeur applique les dur\u00e9es de conservation des donn\u00e9es \u00e0 caract\u00e8re personnel en sa qualit\u00e9 de sous-traitant au sens du RGPD, sur la base des lois et r\u00e8glements en vigueur (dur\u00e9e variable ne pouvant exc\u00e9der 3 \u00e0 5 ans) selon la finalit\u00e9 des traitements suivants : permettre \u00e0 l\u2019Utilisateur d\u2019utiliser les services propos\u00e9s par le Site, permettre l&rsquo;enregistrement et le suivi de son consentement au d\u00e9p\u00f4t de cookies et de savoir que l\u2019Utilisateur a pris connaissance de la pop-in, permettre de traiter les demandes de l\u2019Utilisateur d\u2019exercice des droits (hors donn\u00e9es de sant\u00e9), permettre de garantir le bon fonctionnement de certaines fonctionnalit\u00e9s du Site et assurer la s\u00e9curit\u00e9 du Site, permettre d\u2019\u00e9tablir des statistiques anonymes de comptage et d\u2019audience strictement n\u00e9cessaires au fonctionnement du Site<\/p>\r\n<p>Dans le cadre des traitements effectu\u00e9s en qualit\u00e9 de sous-traitant, l\u2019Editeur agit uniquement sur instruction du Praticien en sa qualit\u00e9 de responsable du traitement au sens du RGPD et ne d\u00e9termine pas lui-m\u00eame la dur\u00e9e de conservation des donn\u00e9es.<\/p>\r\n<p>A l\u2019expiration des dur\u00e9es de conservation, les donn\u00e9es \u00e0 caract\u00e8re personnel des utilisateurs du Site sont supprim\u00e9es de fa\u00e7on d\u00e9finitive ou anonymis\u00e9es.<\/p>\r\n<p>Compte tenu des obligations l\u00e9gales d\u2019archivage s\u2019imposant aux acteurs de sant\u00e9, ceux-ci sont susceptibles de conserver, sur leurs propres outils, les donn\u00e9es de sant\u00e9 \u00e0 caract\u00e8re personnel de l\u2019Utilisateur pour des dur\u00e9es plus longues que celles indiqu\u00e9es ci-dessus afin d\u2019assurer aux patients un suivi m\u00e9dical et une prise en charge optimale.<\/p>\r\n<ol start=\"6\">\r\n<li>\r\n<h4>Quels sont les droits de l\u2019Utilisateur au regard de l&rsquo;utilisation des donn\u00e9es personnelles ?<\/h4>\r\n<\/li>\r\n<\/ol>\r\n<p>Modalit\u00e9s d\u2019exercice des droits<\/p>\r\n<p>Conform\u00e9ment \u00e0 la r\u00e8glementation sur la protection des donn\u00e9es personnelles, l\u2019Utilisateur peut (i) exercer ses droits (acc\u00e8s, rectification, suppression, opposition, limitation et portabilit\u00e9 le cas \u00e9ch\u00e9ant) et (ii) d\u00e9finir le sort de ses donn\u00e9es personnelles \u00ab post mortem \u00bb.<\/p>\r\n<p>Afin de permettre au Praticien de r\u00e9pondre rapidement \u00e0 toute demande de l\u2019Utilisateur \u00e0 ce titre, l\u2019Utilisateur devra indiquer \u00e0 l\u2019appui de sa demande ses nom, pr\u00e9nom, e-mail, adresse et pr\u00e9ciser l&rsquo;adresse \u00e0 laquelle doit lui parvenir la r\u00e9ponse \u00e0 sa demande.<\/p>\r\n<p>Le Praticien pourra proc\u00e9der \u00e0 des v\u00e9rifications d&rsquo;identit\u00e9 afin de garantir la confidentialit\u00e9 et la s\u00e9curit\u00e9 des donn\u00e9es de l\u2019Utilisateur. Dans certains cas une copie d&rsquo;un titre d&rsquo;identit\u00e9 en vigueur portant sa signature pourra lui \u00eatre demand\u00e9e. Une r\u00e9ponse lui sera alors adress\u00e9e dans un d\u00e9lai d&rsquo;un (1) mois suivant la r\u00e9ception de la demande de l\u2019Utilisateur.<\/p>\r\n<p>L\u2019Utilisateur dispose par ailleurs, du droit d&rsquo;introduire une r\u00e9clamation aupr\u00e8s de la Commission Nationale de l&rsquo;Informatique et des Libert\u00e9s (CNIL), notamment sur son site internet\u00a0<a href=\"https:\/\/www.clinique-dentaire-lugari-garlaban.fr\/www.cnil.fr\">www.cnil.fr<\/a>.<\/p>\r\n<p>D\u00e9finitions &#8211; Responsable du traitement et d\u00e9l\u00e9gu\u00e9<\/p>\r\n<p>Le responsable de traitement des donn\u00e9es personnelles de l\u2019Utilisateur est le Praticien dont les coordonn\u00e9es sont les suivantes :\u00a0Clinique Dentaire Nathalie Escudero Papot \/\u00a0scm.denthippolyte@gmail.com<\/p>\r\n<p>Les donn\u00e9es \u00e0 caract\u00e8re personnel (y compris de sant\u00e9) de l\u2019Utilisateur sont h\u00e9berg\u00e9es et infog\u00e9r\u00e9es par un sous-traitant d&rsquo;infrastructure physique ayant re\u00e7u la certification HDS (H\u00e9bergeur de Donn\u00e9es de Sant\u00e9).<\/p>\r\n<p>Le Praticien a d\u00e9sign\u00e9 un D\u00e9l\u00e9gu\u00e9 \u00e0 la Protection des donn\u00e9es personnelles (DPO) au sein du cabinet charg\u00e9 de garantir la protection des donn\u00e9es personnelles. Vous pouvez contacter le D\u00e9l\u00e9gu\u00e9 \u00e0 la protection des donn\u00e9es personnelles du Praticien \u00e0 l\u2019adresse :\u00a0scm.denthippolyte@gmail.com.<\/p>\r\n[\/vc_column_text][\/vc_column][\/vc_row]","protected":false},"excerpt":{"rendered":"<p>[vc_row type=\u00a0\u00bbin_container\u00a0\u00bb full_screen_row_position=\u00a0\u00bbmiddle\u00a0\u00bb column_margin=\u00a0\u00bbdefault\u00a0\u00bb column_direction=\u00a0\u00bbdefault\u00a0\u00bb column_direction_tablet=\u00a0\u00bbdefault\u00a0\u00bb column_direction_phone=\u00a0\u00bbdefault\u00a0\u00bb scene_position=\u00a0\u00bbcenter\u00a0\u00bb text_color=\u00a0\u00bbdark\u00a0\u00bb text_align=\u00a0\u00bbleft\u00a0\u00bb row_border_radius=\u00a0\u00bbnone\u00a0\u00bb row_border_radius_applies=\u00a0\u00bbbg\u00a0\u00bb overflow=\u00a0\u00bbvisible\u00a0\u00bb overlay_strength=\u00a0\u00bb0.3&Prime; gradient_direction=\u00a0\u00bbleft_to_right\u00a0\u00bb shape_divider_position=\u00a0\u00bbbottom\u00a0\u00bb bg_image_animation=\u00a0\u00bbnone\u00a0\u00bb][vc_column column_padding=\u00a0\u00bbno-extra-padding\u00a0\u00bb column_padding_tablet=\u00a0\u00bbinherit\u00a0\u00bb column_padding_phone=\u00a0\u00bbinherit\u00a0\u00bb column_padding_position=\u00a0\u00bball\u00a0\u00bb column_element_direction_desktop=\u00a0\u00bbdefault\u00a0\u00bb column_element_spacing=\u00a0\u00bbdefault\u00a0\u00bb desktop_text_alignment=\u00a0\u00bbdefault\u00a0\u00bb tablet_text_alignment=\u00a0\u00bbdefault\u00a0\u00bb phone_text_alignment=\u00a0\u00bbdefault\u00a0\u00bb background_color_opacity=\u00a0\u00bb1&Prime; background_hover_color_opacity=\u00a0\u00bb1&Prime; column_backdrop_filter=\u00a0\u00bbnone\u00a0\u00bb column_shadow=\u00a0\u00bbnone\u00a0\u00bb&#8230;<\/p>\n","protected":false},"author":1,"featured_media":0,"parent":0,"menu_order":0,"comment_status":"closed","ping_status":"open","template":"","meta":{"om_disable_all_campaigns":false,"_monsterinsights_skip_tracking":false,"_monsterinsights_sitenote_active":false,"_monsterinsights_sitenote_note":"","_monsterinsights_sitenote_category":0,"_uf_show_specific_survey":0,"_uf_disable_surveys":false,"footnotes":""},"class_list":["post-3","page","type-page","status-publish"],"aioseo_notices":[],"jetpack_sharing_enabled":true,"_links":{"self":[{"href":"https:\/\/odontopedianathalieescudero.fr\/cabinet-dentaire\/index.php\/wp-json\/wp\/v2\/pages\/3","targetHints":{"allow":["GET"]}}],"collection":[{"href":"https:\/\/odontopedianathalieescudero.fr\/cabinet-dentaire\/index.php\/wp-json\/wp\/v2\/pages"}],"about":[{"href":"https:\/\/odontopedianathalieescudero.fr\/cabinet-dentaire\/index.php\/wp-json\/wp\/v2\/types\/page"}],"author":[{"embeddable":true,"href":"https:\/\/odontopedianathalieescudero.fr\/cabinet-dentaire\/index.php\/wp-json\/wp\/v2\/users\/1"}],"replies":[{"embeddable":true,"href":"https:\/\/odontopedianathalieescudero.fr\/cabinet-dentaire\/index.php\/wp-json\/wp\/v2\/comments?post=3"}],"version-history":[{"count":5,"href":"https:\/\/odontopedianathalieescudero.fr\/cabinet-dentaire\/index.php\/wp-json\/wp\/v2\/pages\/3\/revisions"}],"predecessor-version":[{"id":5233,"href":"https:\/\/odontopedianathalieescudero.fr\/cabinet-dentaire\/index.php\/wp-json\/wp\/v2\/pages\/3\/revisions\/5233"}],"wp:attachment":[{"href":"https:\/\/odontopedianathalieescudero.fr\/cabinet-dentaire\/index.php\/wp-json\/wp\/v2\/media?parent=3"}],"curies":[{"name":"wp","href":"https:\/\/api.w.org\/{rel}","templated":true}]}}